{"id":445,"date":"2025-10-11T21:29:36","date_gmt":"2025-10-11T21:29:36","guid":{"rendered":"https:\/\/zapatillasalondra.com\/?post_type=product&#038;p=445"},"modified":"2026-03-12T20:34:31","modified_gmt":"2026-03-12T20:34:31","slug":"punto-original-3","status":"publish","type":"product","link":"https:\/\/zapatillasalondra.com\/?product=punto-original-3","title":{"rendered":"Punto ORIGINAL"},"content":{"rendered":"<p>Estilo urbano con confort y durabilidad.<\/p>\n","protected":false},"excerpt":{"rendered":"<p>Zapatillas urbanas con dise\u00f1o moderno, c\u00f3modas y vers\u00e1tiles para uso diario.<\/p>\n","protected":false},"featured_media":334,"comment_status":"open","ping_status":"closed","template":"","meta":{"pagelayer_contact_templates":[],"_pagelayer_content":""},"product_brand":[35],"product_cat":[27],"product_tag":[],"class_list":{"0":"post-445","1":"product","2":"type-product","3":"status-publish","4":"has-post-thumbnail","6":"product_brand-punto","7":"product_cat-casual","9":"first","10":"instock","11":"shipping-taxable","12":"purchasable","13":"product-type-simple"},"_links":{"self":[{"href":"https:\/\/zapatillasalondra.com\/index.php?rest_route=\/wp\/v2\/product\/445","targetHints":{"allow":["GET"]}}],"collection":[{"href":"https:\/\/zapatillasalondra.com\/index.php?rest_route=\/wp\/v2\/product"}],"about":[{"href":"https:\/\/zapatillasalondra.com\/index.php?rest_route=\/wp\/v2\/types\/product"}],"replies":[{"embeddable":true,"href":"https:\/\/zapatillasalondra.com\/index.php?rest_route=%2Fwp%2Fv2%2Fcomments&post=445"}],"wp:featuredmedia":[{"embeddable":true,"href":"https:\/\/zapatillasalondra.com\/index.php?rest_route=\/wp\/v2\/media\/334"}],"wp:attachment":[{"href":"https:\/\/zapatillasalondra.com\/index.php?rest_route=%2Fwp%2Fv2%2Fmedia&parent=445"}],"wp:term":[{"taxonomy":"product_brand","embeddable":true,"href":"https:\/\/zapatillasalondra.com\/index.php?rest_route=%2Fwp%2Fv2%2Fproduct_brand&post=445"},{"taxonomy":"product_cat","embeddable":true,"href":"https:\/\/zapatillasalondra.com\/index.php?rest_route=%2Fwp%2Fv2%2Fproduct_cat&post=445"},{"taxonomy":"product_tag","embeddable":true,"href":"https:\/\/zapatillasalondra.com\/index.php?rest_route=%2Fwp%2Fv2%2Fproduct_tag&post=445"}],"curies":[{"name":"wp","href":"https:\/\/api.w.org\/{rel}","templated":true}]}}