{"id":512,"date":"2025-10-11T22:59:13","date_gmt":"2025-10-11T22:59:13","guid":{"rendered":"https:\/\/zapatillasalondra.com\/?post_type=product&#038;p=512"},"modified":"2026-03-12T20:35:33","modified_gmt":"2026-03-12T20:35:33","slug":"ultraton","status":"publish","type":"product","link":"https:\/\/zapatillasalondra.com\/?product=ultraton","title":{"rendered":"ULTRATON"},"content":{"rendered":"<p>Modelos coloridos y de moda.<\/p>\n","protected":false},"excerpt":{"rendered":"<p>Zapatillas con estilo juvenil y dise\u00f1o moderno, ideales para el d\u00eda a d\u00eda.<\/p>\n","protected":false},"featured_media":283,"comment_status":"open","ping_status":"closed","template":"","meta":{"pagelayer_contact_templates":[],"_pagelayer_content":""},"product_brand":[24,29],"product_cat":[27],"product_tag":[],"class_list":{"0":"post-512","1":"product","2":"type-product","3":"status-publish","4":"has-post-thumbnail","6":"product_brand-i-run","7":"product_brand-ultraton","8":"product_cat-casual","10":"first","11":"instock","12":"shipping-taxable","13":"purchasable","14":"product-type-simple"},"_links":{"self":[{"href":"https:\/\/zapatillasalondra.com\/index.php?rest_route=\/wp\/v2\/product\/512","targetHints":{"allow":["GET"]}}],"collection":[{"href":"https:\/\/zapatillasalondra.com\/index.php?rest_route=\/wp\/v2\/product"}],"about":[{"href":"https:\/\/zapatillasalondra.com\/index.php?rest_route=\/wp\/v2\/types\/product"}],"replies":[{"embeddable":true,"href":"https:\/\/zapatillasalondra.com\/index.php?rest_route=%2Fwp%2Fv2%2Fcomments&post=512"}],"wp:featuredmedia":[{"embeddable":true,"href":"https:\/\/zapatillasalondra.com\/index.php?rest_route=\/wp\/v2\/media\/283"}],"wp:attachment":[{"href":"https:\/\/zapatillasalondra.com\/index.php?rest_route=%2Fwp%2Fv2%2Fmedia&parent=512"}],"wp:term":[{"taxonomy":"product_brand","embeddable":true,"href":"https:\/\/zapatillasalondra.com\/index.php?rest_route=%2Fwp%2Fv2%2Fproduct_brand&post=512"},{"taxonomy":"product_cat","embeddable":true,"href":"https:\/\/zapatillasalondra.com\/index.php?rest_route=%2Fwp%2Fv2%2Fproduct_cat&post=512"},{"taxonomy":"product_tag","embeddable":true,"href":"https:\/\/zapatillasalondra.com\/index.php?rest_route=%2Fwp%2Fv2%2Fproduct_tag&post=512"}],"curies":[{"name":"wp","href":"https:\/\/api.w.org\/{rel}","templated":true}]}}