{"id":536,"date":"2025-10-11T22:59:25","date_gmt":"2025-10-11T22:59:25","guid":{"rendered":"https:\/\/zapatillasalondra.com\/?post_type=product&#038;p=536"},"modified":"2025-10-14T13:48:25","modified_gmt":"2025-10-14T13:48:25","slug":"zapatilla-i-run-tec-34","status":"publish","type":"product","link":"https:\/\/zapatillasalondra.com\/?product=zapatilla-i-run-tec-34","title":{"rendered":"Zapatilla I-RUN-TEC"},"content":{"rendered":"<p>Calzado infantil resistente con suela flexible.<\/p>\n","protected":false},"excerpt":{"rendered":"<p>Zapatillas escolares c\u00f3modas y seguras, ideales para ni\u00f1os y ni\u00f1as.<\/p>\n","protected":false},"featured_media":309,"comment_status":"open","ping_status":"closed","template":"","meta":{"pagelayer_contact_templates":[],"_pagelayer_content":""},"product_brand":[24],"product_cat":[31],"product_tag":[],"class_list":{"0":"post-536","1":"product","2":"type-product","3":"status-publish","4":"has-post-thumbnail","6":"product_brand-i-run","7":"product_cat-infantil","9":"first","10":"instock","11":"shipping-taxable","12":"purchasable","13":"product-type-simple"},"_links":{"self":[{"href":"https:\/\/zapatillasalondra.com\/index.php?rest_route=\/wp\/v2\/product\/536","targetHints":{"allow":["GET"]}}],"collection":[{"href":"https:\/\/zapatillasalondra.com\/index.php?rest_route=\/wp\/v2\/product"}],"about":[{"href":"https:\/\/zapatillasalondra.com\/index.php?rest_route=\/wp\/v2\/types\/product"}],"replies":[{"embeddable":true,"href":"https:\/\/zapatillasalondra.com\/index.php?rest_route=%2Fwp%2Fv2%2Fcomments&post=536"}],"wp:featuredmedia":[{"embeddable":true,"href":"https:\/\/zapatillasalondra.com\/index.php?rest_route=\/wp\/v2\/media\/309"}],"wp:attachment":[{"href":"https:\/\/zapatillasalondra.com\/index.php?rest_route=%2Fwp%2Fv2%2Fmedia&parent=536"}],"wp:term":[{"taxonomy":"product_brand","embeddable":true,"href":"https:\/\/zapatillasalondra.com\/index.php?rest_route=%2Fwp%2Fv2%2Fproduct_brand&post=536"},{"taxonomy":"product_cat","embeddable":true,"href":"https:\/\/zapatillasalondra.com\/index.php?rest_route=%2Fwp%2Fv2%2Fproduct_cat&post=536"},{"taxonomy":"product_tag","embeddable":true,"href":"https:\/\/zapatillasalondra.com\/index.php?rest_route=%2Fwp%2Fv2%2Fproduct_tag&post=536"}],"curies":[{"name":"wp","href":"https:\/\/api.w.org\/{rel}","templated":true}]}}